{"id":259,"date":"2022-03-23T15:28:25","date_gmt":"2022-03-23T15:28:25","guid":{"rendered":"https:\/\/fibernetcr.com\/privacy-policy\/"},"modified":"2022-12-20T23:08:57","modified_gmt":"2022-12-20T23:08:57","slug":"privacy-policy","status":"publish","type":"page","link":"https:\/\/fibernetcr.com\/en\/privacy-policy\/","title":{"rendered":"Privacy Policy"},"content":{"rendered":"\n<p>El presente documento regula los t\u00e9rminos y condiciones de acceso y uso de la p\u00e1gina web https:\/\/fibernetcr.com \/ (en adelante \u201csitio\u201d o \u201cp\u00e1gina\u201d), propiedad de P.L.S.I. Fibernet S.A. c\u00e9dula jur\u00eddica 3-101-703823, en adelante, (en adelante \u201cla Empresa\u201d). El acceso y\/o utilizaci\u00f3n del sitio, de todos o parte de sus contenidos y\/o servicios significa la plena aceptaci\u00f3n de las presentes condiciones.<\/p>\n\n<p>Lea atentamente estos t\u00e9rminos y condiciones, las presentes condiciones aplicar\u00e1n a la totalidad del sitio, incluyendo los contenidos y los servicios puestos a disposici\u00f3n de los usuarios en y\/o a trav\u00e9s del sitio, ya sea por la empresa, usuarios, o terceros. No obstante, el acceso y la utilizaci\u00f3n de ciertos contenidos y\/o servicios puede encontrarse sometido a determinadas condiciones espec\u00edficas que se indicar\u00e1n en cada contenido o servicio en los cuales apliquen.<\/p>\n\n<p>Estos t\u00e9rminos y condiciones de privacidad de datos, uso de cookies y spam establecen los lineamientos y pr\u00e1cticas de protecci\u00f3n de datos personales, uso de cookies y spam del sitio web de P.L.S.I. Fibernet S.A. y son coherentes con nuestras pol\u00edticas y pr\u00e1cticas con respecto a la informaci\u00f3n personal que recibimos.<\/p>\n\n<h2>Obligaciones del Usuario<\/h2>\n\n<p>El usuario deber\u00e1 respetar en todo momento los t\u00e9rminos y condiciones aqu\u00ed establecidos, as\u00ed como aquellas condiciones espec\u00edficas que pudiesen aplicar a determinados contenidos y\/o servicios. El usuario manifiesta deber\u00e1 utilizar el sitio de forma diligente y asumiendo cualquier responsabilidad que pudiera derivarse del incumplimiento de las normas. Asimismo, el usuario no podr\u00e1 utilizar el sitio para transmitir, almacenar, divulgar promover o distribuir datos o contenidos no autorizados por la empresa, incluyendo aquellos que sean portadores de virus o cualquier otro c\u00f3digo inform\u00e1tico, archivos o programas dise\u00f1ados para interrumpir, destruir o perjudicar el funcionamiento de cualquier programa o equipo inform\u00e1tico o de telecomunicaciones.<\/p>\n\n<p>El usuario conoce y acepta que el sitio no otorga ninguna garant\u00eda de cualquier naturaleza, ya sea expresa o impl\u00edcita, sobre la idoneidad para un fin determinado de los datos, contenidos, informaci\u00f3n y servicios que se incorporan y ofrecen desde el Sitio. Exceptuando los casos que la Ley imponga expresamente lo contrario, y exclusivamente con la medida y extensi\u00f3n en que lo imponga, el Sitio no garantiza ni asume responsabilidad alguna respecto a los posibles da\u00f1os y perjuicios causados por el uso y utilizaci\u00f3n de la informaci\u00f3n, datos y servicios del Sitio por parte de terceros. En todo caso, La Empresa excluye cualquier responsabilidad por los da\u00f1os y perjuicios que puedan deberse a la informaci\u00f3n y\/o servicios prestados o suministrados por terceros diferentes de la Empresa. Toda responsabilidad ser\u00e1 del tercero ya sea proveedor o colaborador.<\/p>\n\n<h2>Informaci\u00f3n<\/h2>\n\n<p>La informaci\u00f3n que recopilamos se realiza mediante los formularios de contacto, suscripci\u00f3n, registro u otros que est\u00e9n en la p\u00e1gina web. <\/p>\n\n<p>Datos an\u00f3nimos relacionados con el comportamiento del usuario durante la visita a la p\u00e1gina web, sea a trav\u00e9s de cookies, p\u00edxeles o tecnolog\u00edas similares. Entre otros, podr\u00edamos recopilar el tiempo de la visita y los contenidos visitados.<\/p>\n\n<p>Datos an\u00f3nimos relacionados con las herramientas de acceso y su interacci\u00f3n con la p\u00e1gina web, tales como direcci\u00f3n IP, caracter\u00edsticas del navegador y dispositivo, preferencias de idioma o URL de referencia y otra informaci\u00f3n t\u00e9cnica.<\/p>\n\n<p>Esta informaci\u00f3n se utiliza con objetivos de difusi\u00f3n de nuestras actividades y proyectos, as\u00ed como para mantener y cumplir las obligaciones contractuales, legales y de transparencia que exijan alg\u00fan tipo de comunicaci\u00f3n. Parte de los datos se utilizan como referencia para optimizar la pertinencia de los contenidos y para garantizar la integridad, confidencialidad y disponibilidad de la informaci\u00f3n.<\/p>\n\n<p>La informaci\u00f3n recopilada se emplea para contactar a los usuarios en respuesta a las solicitudes que hayan hecho a La Empresa.<\/p>\n\n<p>La Empresa no vender\u00e1, distribuir\u00e1 ni arrendar\u00e1 esta informaci\u00f3n a terceros, excepto de acuerdo con estos t\u00e9rminos y condiciones. Para la gesti\u00f3n de la informaci\u00f3n recopilada, La Empresa cuenta con servicios y proveedores cuyas pol\u00edticas de privacidad incluyen cl\u00e1usulas que no permiten compartir los datos de La Empresa con terceros a menos que La Empresa lo solicite o lo indique una norma aplicable.<\/p>\n\n<p>Se podr\u00e1n generar y compartir reportes o res\u00famenes a partir de los datos recopilados, entre otros, las p\u00e1ginas m\u00e1s visitadas o el n\u00famero de registrados a un evento. Al ser res\u00famenes, estos reportes no pueden utilizarse para rastrear a una persona en particular.<\/p>\n\n<p>Se podr\u00e1 divulgar informaci\u00f3n de identificaci\u00f3n personal u otra informaci\u00f3n recopilada a trav\u00e9s del sitio web en respuesta a un proceso legal o cuando creamos que una norma aplicable lo exige, por ejemplo, en respuesta a una orden judicial, citaci\u00f3n o solicitud de una agencia de aplicaci\u00f3n de una norma aplicable.<\/p>\n\n<p>Tambi\u00e9n se podr\u00e1 divulgar la informaci\u00f3n para proteger la seguridad y el funcionamiento del sitio web o los derechos de otros usuarios del sitio web, y para protegernos y proteger a nuestros colaboradores, socios comerciales, clientes, y proveedores, si tenemos motivos para creer que alguien est\u00e1 causando o amenazando causar da\u00f1o o interferencia con los derechos o la propiedad de La Empresa, as\u00ed como tambi\u00e9n para proteger contra el fraude.<\/p>\n\n<p>El llenado de registros y formularios en nuestra p\u00e1gina es voluntario, y sin hacerlo, los usuarios pueden navegar en https:\/\/fibernetcr.com\/. Llenar los formularios es necesario para recibir boletines electr\u00f3nicos, y ciertas comunicaciones de La Empresa relacionadas con proyectos de inter\u00e9s, eventos y otras actividades. <\/p>\n\n<p>Si el usuario est\u00e1 registrado para una actividad o suscrito a un bolet\u00edn, podremos enviarle correos electr\u00f3nicos en relaci\u00f3n con sus preferencias de registro o suscripci\u00f3n. En cualquiera de esos mensajes, el usuario podr\u00e1 optar por retirarse de la lista y con ello se cancela su suscripci\u00f3n y la recopilaci\u00f3n de datos derivada de ella. <\/p>\n\n<p>El sitio web no est\u00e1 dirigido a menores de edad y no recopilamos ni conservamos ninguna informaci\u00f3n personal sobre personas menores de 18 a\u00f1os.<\/p>\n\n<p>Por medio de este sitio web se podr\u00edan recoger datos de car\u00e1cter personal necesarios para la gesti\u00f3n y mantenimiento de algunos de nuestros servicios. Dichos datos son incluidos en nuestras bases de datos, sin perjuicio de las finalidades que en cada caso se indiquen, dicha informaci\u00f3n ser\u00e1 guardada y gestionada con su debida confidencialidad, aplicando las medidas de seguridad inform\u00e1tica establecidas en la legislaci\u00f3n aplicable (REGLAMENTO A LA LEY DE PROTECCI\u00d3N DE LA PERSONA FRENTE AL TRATAMIENTO DE SUS DATOS PERSONALES Decreto Ejecutivo no. 37554-JP) para impedir el acceso o uso indebido de sus datos, su manipulaci\u00f3n, deterioro o p\u00e9rdida. En cualquier momento puede ejercer sus derechos de acceso, rectificaci\u00f3n o supresi\u00f3n en relaci\u00f3n con dichos datos, dirigiendo su solicitud a P.L.S.I. Fibernet S.A.<\/p>\n\n<h2>Propiedad intelectual<\/h2>\n\n<p>Todos los contenidos, marcas, logos, dibujos, documentaci\u00f3n, programas inform\u00e1ticos o cualquier otro elemento susceptible de protecci\u00f3n por la legislaci\u00f3n de propiedad intelectual o industrial, que sean accesibles en el sitio corresponden exclusivamente a la empresa o a sus leg\u00edtimos titulares y quedan expresamente reservados todos los derechos sobre los mismos. Queda expresamente prohibida la creaci\u00f3n de enlaces (links) a cualquier elemento integrante de las p\u00e1ginas web del Sitio sin la autorizaci\u00f3n de La Empresa. El sitio no concede ninguna licencia o autorizaci\u00f3n de uso al usuario sobre sus contenidos, datos o servicios, distinta de la que expresamente se detalle en las presentes condiciones generales de uso del sitio.<\/p>\n\n<h2>Legislaci\u00f3n aplicable, jurisdicci\u00f3n competente y notificaciones<\/h2>\n\n<p>Las presentes condiciones se rigen y se interpretan de acuerdo con las Leyes de la Rep\u00fablica de Costa Rica. Para cualquier reclamaci\u00f3n ser\u00e1n competentes los juzgados y tribunales del Primer Circuito Judicial de San Jos\u00e9. Todas las notificaciones, requerimientos, peticiones y otras comunicaciones que el Usuario desee efectuar a la Empresa titular del Sitio deber\u00e1n realizarse por escrito y se entender\u00e1 que han sido correctamente realizadas cuando hayan sido recibidas por la Empresa.<\/p>\n","protected":false},"excerpt":{"rendered":"<p>El presente documento regula los t\u00e9rminos y condiciones de acceso y uso de la p\u00e1gina web https:\/\/fibernetcr.com \/ (en adelante \u201csitio\u201d o \u201cp\u00e1gina\u201d), propiedad de P.L.S.I.<span class=\"excerpt-hellip\"> [\u2026]<\/span><\/p>\n","protected":false},"author":1,"featured_media":0,"parent":0,"menu_order":0,"comment_status":"closed","ping_status":"open","template":"","meta":{"footnotes":""},"class_list":["post-259","page","type-page","status-publish","hentry"],"yoast_head":"<!-- This site is optimized with the Yoast SEO plugin v25.0 - https:\/\/yoast.com\/wordpress\/plugins\/seo\/ -->\n<title>Privacy Policy - Fibernet<\/title>\n<meta name=\"robots\" content=\"index, follow, max-snippet:-1, max-image-preview:large, max-video-preview:-1\" \/>\n<link rel=\"canonical\" href=\"https:\/\/fibernetcr.com\/en\/privacy-policy\/\" \/>\n<meta property=\"og:locale\" content=\"en_US\" \/>\n<meta property=\"og:type\" content=\"article\" \/>\n<meta property=\"og:title\" content=\"Privacy Policy - Fibernet\" \/>\n<meta property=\"og:description\" content=\"El presente documento regula los t\u00e9rminos y condiciones de acceso y uso de la p\u00e1gina web https:\/\/fibernetcr.com \/ (en adelante \u201csitio\u201d o \u201cp\u00e1gina\u201d), propiedad de P.L.S.I. [\u2026]\" \/>\n<meta property=\"og:url\" content=\"https:\/\/fibernetcr.com\/en\/privacy-policy\/\" \/>\n<meta property=\"og:site_name\" content=\"Fibernet\" \/>\n<meta property=\"article:modified_time\" content=\"2022-12-20T23:08:57+00:00\" \/>\n<meta name=\"twitter:card\" content=\"summary_large_image\" \/>\n<meta name=\"twitter:label1\" content=\"Est. reading time\" \/>\n\t<meta name=\"twitter:data1\" content=\"7 minutes\" \/>\n<script type=\"application\/ld+json\" class=\"yoast-schema-graph\">{\"@context\":\"https:\/\/schema.org\",\"@graph\":[{\"@type\":\"WebPage\",\"@id\":\"https:\/\/fibernetcr.com\/en\/privacy-policy\/\",\"url\":\"https:\/\/fibernetcr.com\/en\/privacy-policy\/\",\"name\":\"Privacy Policy - Fibernet\",\"isPartOf\":{\"@id\":\"https:\/\/fibernetcr.com\/en\/#website\"},\"datePublished\":\"2022-03-23T15:28:25+00:00\",\"dateModified\":\"2022-12-20T23:08:57+00:00\",\"breadcrumb\":{\"@id\":\"https:\/\/fibernetcr.com\/en\/privacy-policy\/#breadcrumb\"},\"inLanguage\":\"en-US\",\"potentialAction\":[{\"@type\":\"ReadAction\",\"target\":[\"https:\/\/fibernetcr.com\/en\/privacy-policy\/\"]}]},{\"@type\":\"BreadcrumbList\",\"@id\":\"https:\/\/fibernetcr.com\/en\/privacy-policy\/#breadcrumb\",\"itemListElement\":[{\"@type\":\"ListItem\",\"position\":1,\"name\":\"Portada\",\"item\":\"https:\/\/fibernetcr.com\/en\/\"},{\"@type\":\"ListItem\",\"position\":2,\"name\":\"Privacy Policy\"}]},{\"@type\":\"WebSite\",\"@id\":\"https:\/\/fibernetcr.com\/en\/#website\",\"url\":\"https:\/\/fibernetcr.com\/en\/\",\"name\":\"Fibernet\",\"description\":\"\",\"potentialAction\":[{\"@type\":\"SearchAction\",\"target\":{\"@type\":\"EntryPoint\",\"urlTemplate\":\"https:\/\/fibernetcr.com\/en\/?s={search_term_string}\"},\"query-input\":{\"@type\":\"PropertyValueSpecification\",\"valueRequired\":true,\"valueName\":\"search_term_string\"}}],\"inLanguage\":\"en-US\"}]}<\/script>\n<!-- \/ Yoast SEO plugin. -->","yoast_head_json":{"title":"Privacy Policy - Fibernet","robots":{"index":"index","follow":"follow","max-snippet":"max-snippet:-1","max-image-preview":"max-image-preview:large","max-video-preview":"max-video-preview:-1"},"canonical":"https:\/\/fibernetcr.com\/en\/privacy-policy\/","og_locale":"en_US","og_type":"article","og_title":"Privacy Policy - Fibernet","og_description":"El presente documento regula los t\u00e9rminos y condiciones de acceso y uso de la p\u00e1gina web https:\/\/fibernetcr.com \/ (en adelante \u201csitio\u201d o \u201cp\u00e1gina\u201d), propiedad de P.L.S.I. [\u2026]","og_url":"https:\/\/fibernetcr.com\/en\/privacy-policy\/","og_site_name":"Fibernet","article_modified_time":"2022-12-20T23:08:57+00:00","twitter_card":"summary_large_image","twitter_misc":{"Est. reading time":"7 minutes"},"schema":{"@context":"https:\/\/schema.org","@graph":[{"@type":"WebPage","@id":"https:\/\/fibernetcr.com\/en\/privacy-policy\/","url":"https:\/\/fibernetcr.com\/en\/privacy-policy\/","name":"Privacy Policy - Fibernet","isPartOf":{"@id":"https:\/\/fibernetcr.com\/en\/#website"},"datePublished":"2022-03-23T15:28:25+00:00","dateModified":"2022-12-20T23:08:57+00:00","breadcrumb":{"@id":"https:\/\/fibernetcr.com\/en\/privacy-policy\/#breadcrumb"},"inLanguage":"en-US","potentialAction":[{"@type":"ReadAction","target":["https:\/\/fibernetcr.com\/en\/privacy-policy\/"]}]},{"@type":"BreadcrumbList","@id":"https:\/\/fibernetcr.com\/en\/privacy-policy\/#breadcrumb","itemListElement":[{"@type":"ListItem","position":1,"name":"Portada","item":"https:\/\/fibernetcr.com\/en\/"},{"@type":"ListItem","position":2,"name":"Privacy Policy"}]},{"@type":"WebSite","@id":"https:\/\/fibernetcr.com\/en\/#website","url":"https:\/\/fibernetcr.com\/en\/","name":"Fibernet","description":"","potentialAction":[{"@type":"SearchAction","target":{"@type":"EntryPoint","urlTemplate":"https:\/\/fibernetcr.com\/en\/?s={search_term_string}"},"query-input":{"@type":"PropertyValueSpecification","valueRequired":true,"valueName":"search_term_string"}}],"inLanguage":"en-US"}]}},"_links":{"self":[{"href":"https:\/\/fibernetcr.com\/en\/wp-json\/wp\/v2\/pages\/259","targetHints":{"allow":["GET"]}}],"collection":[{"href":"https:\/\/fibernetcr.com\/en\/wp-json\/wp\/v2\/pages"}],"about":[{"href":"https:\/\/fibernetcr.com\/en\/wp-json\/wp\/v2\/types\/page"}],"author":[{"embeddable":true,"href":"https:\/\/fibernetcr.com\/en\/wp-json\/wp\/v2\/users\/1"}],"replies":[{"embeddable":true,"href":"https:\/\/fibernetcr.com\/en\/wp-json\/wp\/v2\/comments?post=259"}],"version-history":[{"count":1,"href":"https:\/\/fibernetcr.com\/en\/wp-json\/wp\/v2\/pages\/259\/revisions"}],"predecessor-version":[{"id":260,"href":"https:\/\/fibernetcr.com\/en\/wp-json\/wp\/v2\/pages\/259\/revisions\/260"}],"wp:attachment":[{"href":"https:\/\/fibernetcr.com\/en\/wp-json\/wp\/v2\/media?parent=259"}],"curies":[{"name":"wp","href":"https:\/\/api.w.org\/{rel}","templated":true}]}}